{"id":3,"date":"2026-04-14T08:59:18","date_gmt":"2026-04-14T08:59:18","guid":{"rendered":"http:\/\/www.golfnews.fr\/?page_id=3"},"modified":"2026-04-14T14:19:18","modified_gmt":"2026-04-14T14:19:18","slug":"privacy-policy","status":"publish","type":"page","link":"https:\/\/www.golfnews.fr\/?page_id=3","title":{"rendered":"Politique de confidentialit\u00e9 \u2013 GolfNews.fr"},"content":{"rendered":"\n<p><strong>Responsable du traitement<\/strong> Le site golfnews.fr est \u00e9dit\u00e9 par la soci\u00e9t\u00e9 M\u00e9di&#8217;Art Communication. Pour toute question relative \u00e0 la protection de vos donn\u00e9es personnelles, vous pouvez nous contacter \u00e0 l&#8217;adresse suivante : <a href=\"mailto:contact@golfnews.fr\">contact@golfnews.fr<\/a><\/p>\n\n\n\n<p><strong>Donn\u00e9es collect\u00e9es<\/strong> GolfNews.fr ne collecte aucune donn\u00e9e personnelle vous concernant. Aucun formulaire de contact, d&#8217;inscription ou de newsletter n&#8217;est disponible sur ce site.<\/p>\n\n\n\n<p><strong>Cookies<\/strong> Ce site utilise des cookies techniques n\u00e9cessaires \u00e0 son bon fonctionnement, ainsi que des cookies analytiques anonymes permettant de mesurer l&#8217;audience du site. Ces cookies ne permettent pas de vous identifier personnellement. Vous pouvez param\u00e9trer votre navigateur pour refuser les cookies, mais cela pourrait affecter certaines fonctionnalit\u00e9s du site.<\/p>\n\n\n\n<p><strong>Contenus tiers<\/strong> Ce site int\u00e8gre des contenus provenant de services tiers (Le Figaro Golf, FFGolf, Livesport, Feedwind). Ces services peuvent d\u00e9poser leurs propres cookies. Nous vous invitons \u00e0 consulter leurs politiques de confidentialit\u00e9 respectives.<\/p>\n\n\n\n<p><strong>Vos droits<\/strong> Conform\u00e9ment au R\u00e8glement G\u00e9n\u00e9ral sur la Protection des Donn\u00e9es (RGPD), vous disposez d&#8217;un droit d&#8217;acc\u00e8s, de rectification et de suppression des donn\u00e9es vous concernant. Pour exercer ces droits, contactez-nous \u00e0 : <a href=\"mailto:contact@golfnews.fr\">contact@golfnews.fr<\/a><\/p>\n\n\n\n<p><strong>H\u00e9bergement<\/strong> Ce site est h\u00e9berg\u00e9 par la soci\u00e9t\u00e9 o2switch, 222 Boulevard Gustave Flaubert, 63000 Clermont-Ferrand.<\/p>\n\n\n\n<p><\/p>\n","protected":false},"excerpt":{"rendered":"<p>Responsable du traitement Le site golfnews.fr est \u00e9dit\u00e9 par la soci\u00e9t\u00e9 M\u00e9di&#8217;Art Communication. Pour toute question relative \u00e0 la protection de vos donn\u00e9es personnelles, vous pouvez nous contacter \u00e0 l&#8217;adresse suivante : contact@golfnews.fr Donn\u00e9es collect\u00e9es GolfNews.fr ne collecte aucune donn\u00e9e personnelle vous concernant. Aucun formulaire de contact, d&#8217;inscription ou de newsletter n&#8217;est disponible sur ce [&hellip;]<\/p>\n","protected":false},"author":1,"featured_media":0,"parent":0,"menu_order":0,"comment_status":"closed","ping_status":"open","template":"","meta":{"footnotes":""},"class_list":["post-3","page","type-page","status-publish","hentry"],"_links":{"self":[{"href":"https:\/\/www.golfnews.fr\/index.php?rest_route=\/wp\/v2\/pages\/3","targetHints":{"allow":["GET"]}}],"collection":[{"href":"https:\/\/www.golfnews.fr\/index.php?rest_route=\/wp\/v2\/pages"}],"about":[{"href":"https:\/\/www.golfnews.fr\/index.php?rest_route=\/wp\/v2\/types\/page"}],"author":[{"embeddable":true,"href":"https:\/\/www.golfnews.fr\/index.php?rest_route=\/wp\/v2\/users\/1"}],"replies":[{"embeddable":true,"href":"https:\/\/www.golfnews.fr\/index.php?rest_route=%2Fwp%2Fv2%2Fcomments&post=3"}],"version-history":[{"count":1,"href":"https:\/\/www.golfnews.fr\/index.php?rest_route=\/wp\/v2\/pages\/3\/revisions"}],"predecessor-version":[{"id":114,"href":"https:\/\/www.golfnews.fr\/index.php?rest_route=\/wp\/v2\/pages\/3\/revisions\/114"}],"wp:attachment":[{"href":"https:\/\/www.golfnews.fr\/index.php?rest_route=%2Fwp%2Fv2%2Fmedia&parent=3"}],"curies":[{"name":"wp","href":"https:\/\/api.w.org\/{rel}","templated":true}]}}