{"id":32,"date":"2026-04-14T09:34:28","date_gmt":"2026-04-14T09:34:28","guid":{"rendered":"http:\/\/www.golfnews.fr\/?page_id=32"},"modified":"2026-04-14T14:33:54","modified_gmt":"2026-04-14T14:33:54","slug":"a-propos-de-golfnews","status":"publish","type":"page","link":"https:\/\/www.golfnews.fr\/?page_id=32","title":{"rendered":"\u00c0 propos de Golfnews"},"content":{"rendered":"\n<p><strong>Cr\u00e9\u00e9 par des professionnels de la presse et passionn\u00e9s de golf,<\/strong>&nbsp;<strong>Golfnews.fr<\/strong>&nbsp;est un m\u00e9dia sur internet pour les golfeurs amateurs en France.<\/p>\n\n\n\n<p>Une seule question nous a servi de fil conducteur pour la cr\u00e9ation de&nbsp;<strong>Golfnews.fr<\/strong>&nbsp;:<br><strong><em>\u00ab&nbsp;Qu\u2019est ce que le golfeur amateur aime avoir comme information&nbsp;!&nbsp;\u00bb<\/em><\/strong><\/p>\n\n\n\n<p>Ainsi, ce m\u00e9dia a pour objectif de donner des informations pratiques et de r\u00e9pondre aux questions que se posent la plupart du temps les golfeurs amateurs notamment lorsqu\u2019ils souhaitent r\u00e9aliser un voyage ou choisir les golfs sur lesquels ils vont jouer.<\/p>\n\n\n\n<p>C\u2019est aussi, d\u2019\u00eatre inform\u00e9 de l\u2019actualit\u00e9 des professionnels, leurs comp\u00e9titions, leurs r\u00e9sultats, leurs classements, les programmes golf \u00e0 la TV, etc.<\/p>\n\n\n\n<p>C\u2019est \u00e9galement, conna\u00eetre le calendrier des comp\u00e9titions pour les amateurs sur son propre golf ou sur les parcours alentours ou voire lors de d\u00e9placements en France ou parfois ailleurs.<\/p>\n\n\n\n<p>Bref, vous l\u2019aurez compris,&nbsp;<strong>Golfnews.fr<\/strong>&nbsp;tient \u00e0 apporter des r\u00e9ponses et surtout des informations essentielles que tout passionn\u00e9 de golf souhaite avoir \u00e0 sa disposition.<\/p>\n\n\n\n<p>Notre m\u00e9dia se veut ouvert et accessible \u00e0 tous, n\u2019h\u00e9sitez pas \u00e0 nous contacter si vous avez des suggestions \u00e0 nous soumettre \u00e0&nbsp;<a href=\"https:\/\/web.archive.org\/web\/20230605190411\/mailto:contact@golfnews.fr\"><strong>contact@golfnews.fr<\/strong><\/a><\/p>\n\n\n\n<p><\/p>\n","protected":false},"excerpt":{"rendered":"<p>Cr\u00e9\u00e9 par des professionnels de la presse et passionn\u00e9s de golf,&nbsp;Golfnews.fr&nbsp;est un m\u00e9dia sur internet pour les golfeurs amateurs en France. Une seule question nous a servi de fil conducteur pour la cr\u00e9ation de&nbsp;Golfnews.fr&nbsp;:\u00ab&nbsp;Qu\u2019est ce que le golfeur amateur aime avoir comme information&nbsp;!&nbsp;\u00bb Ainsi, ce m\u00e9dia a pour objectif de donner des informations pratiques et [&hellip;]<\/p>\n","protected":false},"author":1,"featured_media":0,"parent":0,"menu_order":0,"comment_status":"closed","ping_status":"closed","template":"","meta":{"footnotes":""},"class_list":["post-32","page","type-page","status-publish","hentry"],"_links":{"self":[{"href":"https:\/\/www.golfnews.fr\/index.php?rest_route=\/wp\/v2\/pages\/32","targetHints":{"allow":["GET"]}}],"collection":[{"href":"https:\/\/www.golfnews.fr\/index.php?rest_route=\/wp\/v2\/pages"}],"about":[{"href":"https:\/\/www.golfnews.fr\/index.php?rest_route=\/wp\/v2\/types\/page"}],"author":[{"embeddable":true,"href":"https:\/\/www.golfnews.fr\/index.php?rest_route=\/wp\/v2\/users\/1"}],"replies":[{"embeddable":true,"href":"https:\/\/www.golfnews.fr\/index.php?rest_route=%2Fwp%2Fv2%2Fcomments&post=32"}],"version-history":[{"count":2,"href":"https:\/\/www.golfnews.fr\/index.php?rest_route=\/wp\/v2\/pages\/32\/revisions"}],"predecessor-version":[{"id":128,"href":"https:\/\/www.golfnews.fr\/index.php?rest_route=\/wp\/v2\/pages\/32\/revisions\/128"}],"wp:attachment":[{"href":"https:\/\/www.golfnews.fr\/index.php?rest_route=%2Fwp%2Fv2%2Fmedia&parent=32"}],"curies":[{"name":"wp","href":"https:\/\/api.w.org\/{rel}","templated":true}]}}