{"id":69,"date":"2026-04-14T09:52:27","date_gmt":"2026-04-14T09:52:27","guid":{"rendered":"http:\/\/www.golfnews.fr\/?page_id=69"},"modified":"2026-04-14T14:26:08","modified_gmt":"2026-04-14T14:26:08","slug":"accueil","status":"publish","type":"page","link":"https:\/\/www.golfnews.fr\/","title":{"rendered":""},"content":{"rendered":"\n<iframe loading=\"lazy\"  src=\"https:\/\/feed.mikle.com\/widget\/v2\/177913\/?preloader-text=Loading&#038;\" height=\"653px\" width=\"100%\" class=\"fw-iframe\" scrolling=\"no\" frameborder=\"0\"><\/iframe>\n\n\n\n<hr class=\"wp-block-separator has-alpha-channel-opacity is-style-default\" style=\"margin-top:var(--wp--preset--spacing--50);margin-bottom:var(--wp--preset--spacing--50)\"\/>\n\n\n\n<h2 class=\"wp-block-heading has-text-align-center has-text-color has-link-color wp-elements-6c351c9a1cb56d3edbe1e32815b59a64\" style=\"color:#35975f\">Comp\u00e9titions des pros<\/h2>\n\n\n\n<iframe loading=\"lazy\" src=\"https:\/\/www.livesport.com\/fr\/golf\/\" width=\"100%\" height=\"900\" allow=\"fullscreen\"><\/iframe>\n\n\n\n<hr class=\"wp-block-separator has-alpha-channel-opacity is-style-default\" style=\"margin-top:var(--wp--preset--spacing--50);margin-bottom:var(--wp--preset--spacing--50)\"\/>\n\n\n\n<h2 class=\"wp-block-heading has-text-align-center has-text-color has-link-color wp-elements-ee56c6a7d1d635ecaa2caad43165db32\" style=\"color:#35975f\">Calendrier des comp\u00e9titions amateurs<\/h2>\n\n\n\n<p style=\"text-align:center;\"><strong>Retrouvez toutes les comp\u00e9titions et les infos pratiques des golfs en France :<\/strong><\/p>\n<iframe loading=\"lazy\" src=\"https:\/\/guidegolfs.ffgolf.org\/map\/fr\/calendrier\" width=\"100%\" height=\"950\" scrolling=\"auto\" frameborder=\"1\"><\/iframe>\n","protected":false},"excerpt":{"rendered":"<p>Comp\u00e9titions des pros Calendrier des comp\u00e9titions amateurs Retrouvez toutes les comp\u00e9titions et les infos pratiques des golfs en France :<\/p>\n","protected":false},"author":1,"featured_media":0,"parent":0,"menu_order":0,"comment_status":"closed","ping_status":"closed","template":"","meta":{"footnotes":""},"class_list":["post-69","page","type-page","status-publish","hentry"],"_links":{"self":[{"href":"https:\/\/www.golfnews.fr\/index.php?rest_route=\/wp\/v2\/pages\/69","targetHints":{"allow":["GET"]}}],"collection":[{"href":"https:\/\/www.golfnews.fr\/index.php?rest_route=\/wp\/v2\/pages"}],"about":[{"href":"https:\/\/www.golfnews.fr\/index.php?rest_route=\/wp\/v2\/types\/page"}],"author":[{"embeddable":true,"href":"https:\/\/www.golfnews.fr\/index.php?rest_route=\/wp\/v2\/users\/1"}],"replies":[{"embeddable":true,"href":"https:\/\/www.golfnews.fr\/index.php?rest_route=%2Fwp%2Fv2%2Fcomments&post=69"}],"version-history":[{"count":15,"href":"https:\/\/www.golfnews.fr\/index.php?rest_route=\/wp\/v2\/pages\/69\/revisions"}],"predecessor-version":[{"id":121,"href":"https:\/\/www.golfnews.fr\/index.php?rest_route=\/wp\/v2\/pages\/69\/revisions\/121"}],"wp:attachment":[{"href":"https:\/\/www.golfnews.fr\/index.php?rest_route=%2Fwp%2Fv2%2Fmedia&parent=69"}],"curies":[{"name":"wp","href":"https:\/\/api.w.org\/{rel}","templated":true}]}}